{"id":19,"date":"2008-02-04T20:33:41","date_gmt":"2008-02-04T19:33:41","guid":{"rendered":"http:\/\/isabelmichaut.fr\/?page_id=19"},"modified":"2009-11-09T11:05:14","modified_gmt":"2009-11-09T10:05:14","slug":"presentation-des-oeuvres","status":"publish","type":"page","link":"http:\/\/isabelmichaut.fr\/?page_id=19","title":{"rendered":"pr\u00e9sentation des oeuvres"},"content":{"rendered":"<p style=\"TEXT-ALIGN: left\"><a href=\"http:\/\/isabelmichaut.fr\/wp-content\/uploads\/2008\/10\/pinceau1.jpg\"><\/a><\/p>\n<p><a href=\"http:\/\/isabelmichaut.fr\/wp-content\/uploads\/2008\/10\/pinceau1.jpg\"><\/a><\/p>\n<p style=\"text-align: justify;\"><em> <a href=\"http:\/\/isabelmichaut.fr\/wp-content\/uploads\/2008\/10\/pinceau1.jpg\"><img loading=\"lazy\" decoding=\"async\" class=\"size-full wp-image-425 alignleft\" title=\"pinceau1\" src=\"http:\/\/isabelmichaut.fr\/wp-content\/uploads\/2008\/10\/pinceau1.jpg\" alt=\"\" width=\"250\" height=\"496\" srcset=\"http:\/\/isabelmichaut.fr\/wp-content\/uploads\/2008\/10\/pinceau1.jpg 1515w, http:\/\/isabelmichaut.fr\/wp-content\/uploads\/2008\/10\/pinceau1-151x300.jpg 151w\" sizes=\"(max-width: 250px) 100vw, 250px\" \/><\/a> <a href=\"http:\/\/isabelmichaut.fr\/wp-content\/uploads\/2008\/10\/pinceau3.jpg\"><\/a><\/em><\/p>\n<p style=\"text-align: justify;\"><em> <a href=\"http:\/\/isabelmichaut.fr\/wp-content\/uploads\/2008\/10\/pinceau3.jpg\"><img loading=\"lazy\" decoding=\"async\" class=\"alignnone size-full wp-image-427\" title=\"pinceau3\" src=\"http:\/\/isabelmichaut.fr\/wp-content\/uploads\/2008\/10\/pinceau3.jpg\" alt=\"\" width=\"250\" height=\"476\" srcset=\"http:\/\/isabelmichaut.fr\/wp-content\/uploads\/2008\/10\/pinceau3.jpg 1607w, http:\/\/isabelmichaut.fr\/wp-content\/uploads\/2008\/10\/pinceau3-157x300.jpg 157w\" sizes=\"(max-width: 250px) 100vw, 250px\" \/><\/a><\/em><\/p>\n<p style=\"text-align: justify;\">\n<p style=\"text-align: justify;\"><em><br \/>\n<\/em><\/p>\n<p style=\"text-align: justify;\"><em> <\/em><\/p>\n<p style=\"text-align: justify;\">\n<p style=\"text-align: justify;\">\n<p style=\"text-align: center;\"><em>Les oeuvres d&rsquo;Isabel Michaut sont issues d&rsquo; une respiration , elles sont geste harmonieux,\u00a0 n\u00e9 du ressenti de l&rsquo;air, de l&rsquo;eau , des formes v\u00e9g\u00e9tales, animales, min\u00e9rales , ressenti d&rsquo;un tout universel, vivant et non-vivant. Ce ressenti, cette int\u00e9riorisation sensible se livrent dans l&rsquo;extraversion ; c&rsquo;est le geste juste, entre vides et pleins et harmonies de couleurs qui caract\u00e9rise la peinture d&rsquo;Isabel. Peinture du geste , peinture vivante, peinture d&rsquo;\u00e9nergie&#8230;<br \/>\n<\/em><\/p>\n<p style=\"text-align: center;\"><em> Elle peint comme chantent les oiseaux, comme l&rsquo;eau d\u00e9vale et anime la cascade, comme la mer fa\u00e7onne les rochers, ou comme ont \u00e9volu\u00e9 les formes de toutes choses, en toute beaut\u00e9, en toute harmonie, en toute conscience ou inconscience d&rsquo;\u00eatre, dans le juste \u00e9quilibre, naturel &#8230;<\/em><\/p>\n<p style=\"text-align: center;\"><em> Ga\u00eblle Gu\u00e9vel<\/em><\/p>\n<p style=\"text-align: center;\">\n<p style=\"text-align: center;\"><em><br \/>\n<\/em><\/p>\n<p class=\"MsoNormal\" style=\"margin: 0cm 0cm 0pt 70.8pt; text-indent: 35.4pt; text-align: center;\"><span style=\"font-family: Wingdings; mso-ascii-font-family: 'Times New Roman'; mso-hansi-font-family: 'Times New Roman'; mso-char-type: symbol; mso-symbol-font-family: Wingdings;\"><span style=\"mso-char-type: symbol; mso-symbol-font-family: Wingdings;\"><span style=\"font-size: small;\"> \u0097 <span style=\"font-size: 12pt; font-family: Wingdings; mso-ascii-font-family: 'Times New Roman'; mso-hansi-font-family: 'Times New Roman'; mso-char-type: symbol; mso-symbol-font-family: Wingdings; mso-fareast-font-family: 'Times New Roman'; mso-bidi-font-family: 'Times New Roman'; mso-ansi-language: FR; mso-fareast-language: FR; mso-bidi-language: AR-SA;\"><span style=\"mso-char-type: symbol; mso-symbol-font-family: Wingdings;\">\u0098 <\/span><\/span><span style=\"font-family: Wingdings; mso-ascii-font-family: 'Times New Roman'; mso-hansi-font-family: 'Times New Roman'; mso-char-type: symbol; mso-symbol-font-family: Wingdings;\"><span style=\"mso-char-type: symbol; mso-symbol-font-family: Wingdings;\"><span style=\"font-size: small;\">\u0097\u00a0<span style=\"font-size: 12pt; font-family: Wingdings; mso-ascii-font-family: 'Times New Roman'; mso-hansi-font-family: 'Times New Roman'; mso-char-type: symbol; mso-symbol-font-family: Wingdings; mso-fareast-font-family: 'Times New Roman'; mso-bidi-font-family: 'Times New Roman'; mso-ansi-language: FR; mso-fareast-language: FR; mso-bidi-language: AR-SA;\"><span style=\"mso-char-type: symbol; mso-symbol-font-family: Wingdings;\">\u0098<\/span><\/span><span style=\"font-family: Wingdings; mso-ascii-font-family: 'Times New Roman'; mso-hansi-font-family: 'Times New Roman'; mso-char-type: symbol; mso-symbol-font-family: Wingdings;\"><span style=\"mso-char-type: symbol; mso-symbol-font-family: Wingdings;\"><span style=\"font-size: small;\"> <span style=\"font-family: Wingdings; mso-ascii-font-family: 'Times New Roman'; mso-hansi-font-family: 'Times New Roman'; mso-char-type: symbol; mso-symbol-font-family: Wingdings;\"><span style=\"mso-char-type: symbol; mso-symbol-font-family: Wingdings;\"><span style=\"font-size: small;\">\u0097<\/span><\/span><\/span><\/span><\/span><\/span><\/span><\/span><\/span><\/span><\/span><\/span><\/p>\n<p class=\"MsoNormal\" style=\"margin: 0cm 0cm 0pt 70.8pt; text-indent: 35.4pt; text-align: center;\"><span style=\"font-family: Wingdings; mso-ascii-font-family: 'Times New Roman'; mso-hansi-font-family: 'Times New Roman'; mso-char-type: symbol; mso-symbol-font-family: Wingdings;\"><span style=\"mso-char-type: symbol; mso-symbol-font-family: Wingdings;\"><span style=\"font-size: small;\"><span style=\"font-family: Wingdings; mso-ascii-font-family: 'Times New Roman'; mso-hansi-font-family: 'Times New Roman'; mso-char-type: symbol; mso-symbol-font-family: Wingdings;\"><span style=\"mso-char-type: symbol; mso-symbol-font-family: Wingdings;\"><span style=\"font-size: small;\"><span style=\"font-family: Wingdings; mso-ascii-font-family: 'Times New Roman'; mso-hansi-font-family: 'Times New Roman'; mso-char-type: symbol; mso-symbol-font-family: Wingdings;\"><span style=\"mso-char-type: symbol; mso-symbol-font-family: Wingdings;\"><span style=\"font-size: small;\"><span style=\"font-family: Wingdings; mso-ascii-font-family: 'Times New Roman'; mso-hansi-font-family: 'Times New Roman'; mso-char-type: symbol; mso-symbol-font-family: Wingdings;\"><span style=\"mso-char-type: symbol; mso-symbol-font-family: Wingdings;\"><span style=\"font-size: small;\"><br \/>\n<\/span><\/span><\/span><\/span><\/span><\/span><\/span><\/span><\/span><\/span><\/span><\/span><\/p>\n<p style=\"text-align: justify;\">\n<p style=\"text-align: center;\"><em>\u00ab \u2026J\u2019ai cherch\u00e9 sans tr\u00eave \u00e0 dessiner des cimes extraordinaires. L\u2019esprit\u00a0du\u00a0Paysage et mon esprit se sont rencontr\u00e9s et par l\u00e0 transform\u00e9s, en sorte que le Paysage est bien en moi&#8230; \u00bb <\/em><\/p>\n<p style=\"text-align: center;\"><em>Shitao (peintre chinois, dynastie Ming)<\/em><\/p>\n<p style=\"text-align: center;\"><em><br \/>\n<\/em><\/p>\n<p style=\"text-align: justify;\"><em> <\/em><\/p>\n<p style=\"text-align: justify;\">La nature est le lieu d\u2019une exp\u00e9rience unique : on y ressent l\u2019\u00e9quilibre du monde, sa vastitude, son unit\u00e9 souveraine et pourtant fragile, ainsi que les forces profondes qui le fondent, le gouvernent ; qui se meuvent en lui et nous traversent pareillement.<br \/>\nC\u2019est cette exp\u00e9rience profonde des espaces paysagers, de l\u2019espace ou des espaces dans le paysage que je choisis d\u2019\u00e9tudier, en puisant dans le r\u00e9ceptacle des perceptions int\u00e9rioris\u00e9es, des sensations, des \u00e9motions. C\u2019est \u00e9galement en convoquant la m\u00e9moire physique et intellectuelle des lieux qu\u2019une nouvelle forme de paysage voit le jour, celle-ci plus int\u00e9rieure, travers\u00e9e des empreintes du monde et de celles, plus intimes, de nous-m\u00eames.<br \/>\nLes travaux sur papier de calligraphie ou bien sur toile, les \u00e9tudes sur carnet de croquis\u00a0cherchent ainsi \u00e0 d\u00e9cliner des espaces int\u00e9rioris\u00e9s ou bien\u00a0des fragments de nature\u00a0(feuilles, rochers, troncs d&rsquo;arbres&#8230;.), au sein desquels\u00a0le dialogue du plein et du vide d\u00e9termine toute association de forme et d\u2019espace.<br \/>\nCette dichotomie du plein et du vide, r\u00e9v\u00e9l\u00e9e tr\u00e8s t\u00f4t en Extr\u00eame-Orient, est depuis toujours le fil conducteur de mes travaux. Elle\u00a0se lit ou se devine clairement dans\u00a0le choix des paysages\u00a0ou des\u00a0motifs\u00a0\u00e9tudi\u00e9s\u00a0au fil des ans: les improvisations musicales et calligraphiques\u00a0dans lesquelles le geste\u00a0peint, ses \u00e9volutions a\u00e9riennes prennent leur juste mesure dans le vide alentours et animent les r\u00e9serves de la toile ; les bords de mer \u00e0 c\u00f4tes rocheuses, o\u00f9 vides (ciels\/mers) et pleins (masses rocheuses\/littoraux) se c\u00f4toient, se r\u00e9pondent, s\u2019affrontent ou m\u00eame s\u2019interp\u00e9n\u00e8trent ; les vues montagneuses o\u00f9 s\u2019\u00e9quilibrent monts en cha\u00eene et la vastitude panoramique environnante ;\u00a0les divers\u00a0motifs floraux qui ouvrent sur un nouvel espace de nature.<\/p>\n<p style=\"text-align: justify;\">Dans l\u2019art pictural chinois, toute peinture est le microcosme o\u00f9 s\u2019animent et interagissent, \u00e0 l\u2019\u00e9gal du macrocosme de l\u2019Univers, vide, plein, yin et yang, et souffles vitaux. Le souffle, l\u2019\u00e9nergie vitale\u00a0sont ici le trait graphique dans ses divers aspects sinueux ; trait qui cerne, sculpte, brouille, incise, d\u00e9chire le papier en des surfaces plus ou moins vastes ; trait qui creuse, alt\u00e8re la forme rocheuse ou montagneuse \u00e0 d\u00e9finir, comme l\u2019air, l\u2019eau, la travers\u00e9e des si\u00e8cles \u00e9rodent la masse rocheuse ou aplanissent la montagne.\u00a0Le souffle vital\u00a0habite\u00a0pareillement\u00a0le corps du pinceau de calligraphie et sa trace peinte, dans les tableaux intitul\u00e9s Espaces musicaux, et dans ceux clairement inspir\u00e9s des inflexions\u00a0propres \u00e0 \u00a0la calligraphie chinoise.<\/p>\n<p style=\"text-align: justify;\">Isabel\u00a0\u00a0\u00a0Michaut<\/p>\n<p style=\"text-align: justify;\">\n<p style=\"text-align: left;\">\n<p><a href=\"..\/wp-content\/uploads\/2008\/06\/parafe-215.jpg\"><img loading=\"lazy\" decoding=\"async\" class=\"alignright\" style=\"float: left;\" title=\"parafe-215\" src=\"..\/wp-content\/uploads\/2008\/06\/parafe-215.jpg\" alt=\"\" width=\"81\" height=\"115\" \/><\/a><\/p>\n<p style=\"text-align: left;\">\n<p style=\"text-align: left;\">\n<p style=\"text-align: left;\">\n<p style=\"text-align: left;\">\n<p style=\"text-align: left;\"><a href=\"http:\/\/isabelmichaut.fr\/wp-content\/uploads\/2008\/10\/feilpapier.jpg\"><img loading=\"lazy\" decoding=\"async\" class=\"alignnone size-full wp-image-428\" title=\"feilpapier\" src=\"http:\/\/isabelmichaut.fr\/wp-content\/uploads\/2008\/10\/feilpapier.jpg\" alt=\"\" width=\"500\" height=\"375\" srcset=\"http:\/\/isabelmichaut.fr\/wp-content\/uploads\/2008\/10\/feilpapier.jpg 1228w, http:\/\/isabelmichaut.fr\/wp-content\/uploads\/2008\/10\/feilpapier-300x225.jpg 300w\" sizes=\"(max-width: 500px) 100vw, 500px\" \/><\/a><\/p>\n<p align=\"right\">\n<p align=\"right\">\n<p align=\"right\">\n<p align=\"right\">\n<p style=\"text-align: justify;\"><em> <\/em><a title=\"logo2.png\" href=\"http:\/\/isabelmichaut.fr\/wp-content\/uploads\/2008\/02\/logo2.png\"><\/a><\/p>\n","protected":false},"excerpt":{"rendered":"<p>Les oeuvres d&rsquo;Isabel Michaut sont issues d&rsquo; une respiration , elles sont geste harmonieux,\u00a0 n\u00e9 du ressenti de l&rsquo;air, de l&rsquo;eau , des formes v\u00e9g\u00e9tales, animales, min\u00e9rales , ressenti d&rsquo;un tout universel, vivant et non-vivant. Ce ressenti, cette int\u00e9riorisation sensible se livrent dans l&rsquo;extraversion ; c&rsquo;est le geste juste, entre vides et pleins et harmonies [&hellip;]<\/p>\n","protected":false},"author":1,"featured_media":0,"parent":0,"menu_order":1,"comment_status":"closed","ping_status":"closed","template":"","meta":{"footnotes":""},"class_list":["post-19","page","type-page","status-publish","hentry"],"_links":{"self":[{"href":"http:\/\/isabelmichaut.fr\/index.php?rest_route=\/wp\/v2\/pages\/19"}],"collection":[{"href":"http:\/\/isabelmichaut.fr\/index.php?rest_route=\/wp\/v2\/pages"}],"about":[{"href":"http:\/\/isabelmichaut.fr\/index.php?rest_route=\/wp\/v2\/types\/page"}],"author":[{"embeddable":true,"href":"http:\/\/isabelmichaut.fr\/index.php?rest_route=\/wp\/v2\/users\/1"}],"replies":[{"embeddable":true,"href":"http:\/\/isabelmichaut.fr\/index.php?rest_route=%2Fwp%2Fv2%2Fcomments&post=19"}],"version-history":[{"count":0,"href":"http:\/\/isabelmichaut.fr\/index.php?rest_route=\/wp\/v2\/pages\/19\/revisions"}],"wp:attachment":[{"href":"http:\/\/isabelmichaut.fr\/index.php?rest_route=%2Fwp%2Fv2%2Fmedia&parent=19"}],"curies":[{"name":"wp","href":"https:\/\/api.w.org\/{rel}","templated":true}]}}