{"id":4,"date":"2008-01-14T20:46:58","date_gmt":"2008-01-14T19:46:58","guid":{"rendered":"http:\/\/isabelmichaut.fr\/?page_id=4"},"modified":"2026-03-28T18:42:53","modified_gmt":"2026-03-28T17:42:53","slug":"lartiste","status":"publish","type":"page","link":"http:\/\/isabelmichaut.fr\/?page_id=4","title":{"rendered":"parcours de l&rsquo;artiste"},"content":{"rendered":"<h2 style=\"text-align: center;\"><span style=\"color: #800000;\">\u00a0<\/span><\/h2>\n<h2 style=\"text-align: center;\"><\/h2>\n<h5 style=\"text-align: center;\"><strong>\u00a0\u00a0\u00a0\u00a0\u00a0\u00a0\u00a0\u00a0\u00a0\u00a0\u00a0\u00a0\u00a0\u00a0\u00a0\u00a0\u00a0\u00a0\u00a0\u00a0\u00a0\u00a0\u00a0\u00a0\u00a0\u00a0\u00a0\u00a0\u00a0\u00a0\u00a0\u00a0\u00a0\u00a0\u00a0\u00a0\u00a0\u00a0\u00a0\u00a0\u00a0\u00a0\u00a0\u00a0\u00a0\u00a0\u00a0\u00a0\u00a0\u00a0\u00a0\u00a0\u00a0\u00a0\u00a0\u00a0\u00a0\u00a0\u00a0\u00a0\u00a0\u00a0\u00a0\u00a0\u00a0\u00a0\u00a0\u00a0\u00a0\u00a0\u00a0\u00a0\u00a0\u00a0\u00a0 <\/strong><\/h5>\n<h2 style=\"text-align: center;\"><a href=\"http:\/\/isabelmichaut.fr\/wp-content\/uploads\/2008\/01\/photocv.jpg\"><img loading=\"lazy\" decoding=\"async\" class=\"alignright wp-image-1700\" src=\"http:\/\/isabelmichaut.fr\/wp-content\/uploads\/2008\/01\/photocv.jpg\" alt=\"photocv\" width=\"182\" height=\"275\" \/><\/a><\/h2>\n<h2 style=\"text-align: center;\"><\/h2>\n<p>N\u00e9e en 1969, France<\/p>\n<p>Enseigne \u00e0 Paris<\/p>\n<p>Etudes de linguistique, d&rsquo;arts plastiques<\/p>\n<p>&nbsp;<\/p>\n<h3><span style=\"color: #000000;\"><strong>Expositions personnelles (extraits)<br \/>\n<\/strong><\/span><\/h3>\n<p><span style=\"color: #000000;\"><strong>&#8230;&#8230;&#8230;&#8230;&#8230;&#8230;&#8230;&#8230;&#8230;&#8230;&#8230;&#8230;&#8230;&#8230;&#8230;&#8230;&#8230;&#8230;&#8230;&#8230;&#8230;&#8230;&#8230;&#8230;&#8230;&#8230;&#8230;&#8230;&#8230;&#8230;&#8230;&#8230;&#8230;&#8230;&#8230;&#8230;&#8230;&#8230;&#8230;&#8230;&#8230;&#8230;&#8230;&#8230;&#8230;&#8230;&#8230;&#8230;..<br \/>\n<\/strong><\/span><\/p>\n<p style=\"text-align: justify;\">2017-16 \u00a0\u00a0\u00a0\u00a0\u00a0 <!--StartFragment--> Chapelle Sainte-Anne, Do\u00eblan, (29, Finist\u00e8re)<!--EndFragment--><\/p>\n<p style=\"text-align: justify;\">2015\u00a0\u00a0\u00a0\u00a0 \u00a0 \u00a0 \u00a0\u00a0 Galerie Amplitude, Troyes (10)<\/p>\n<p style=\"text-align: justify;\">2014\u00a0\u00a0\u00a0\u00a0\u00a0\u00a0 Chapelle Sainte-Anne, Do\u00eblan, (29, Finist\u00e8re)<\/p>\n<p style=\"text-align: justify;\">2013\u00a0\u00a0\u00a0\u00a0\u00a0\u00a0 Mairie d&rsquo;Orsay, Orsay (91)<\/p>\n<p style=\"text-align: justify;\">2011\u00a0\u00a0\u00a0\u00a0\u00a0\u00a0\u00a0Chapelle Sainte-Anne, Do\u00eblan (29, Finist\u00e8re)<\/p>\n<p style=\"text-align: justify;\">2010 \u00a0 \u00a0\u00a0 Chapelle Sainte-Anne, Do\u00eblan (29, Bretagne, Finist\u00e8re)<\/p>\n<p style=\"text-align: justify;\">2009\u00a0\u00a0\u00a0\u00a0 caf\u00e9-concert, Le Triton (93)<\/p>\n<p style=\"text-align: justify;\">2002 \u00a0 \u00a0 Centre culturel, Neuilly\/Marne (93)<\/p>\n<p style=\"text-align: justify;\">2001 \u00a0 \u00a0\u00a0Centre culturel, Les Lilas (93)<\/p>\n<p>1998 \u00a0 \u00a0 Galerie Art Pr\u00e9sent, Paris 3\u00e8me (75)<\/p>\n<p><em>\u00a0\u00a0\u00a0\u00a0\u00a0\u00a0\u00a0\u00a0\u00a0\u00a0\u00a0\u00a0\u00a0\u00a0 <\/em>Centre culturel, Etr\u00e9chy (91)<\/p>\n<p style=\"text-align: justify;\">1996 \u00a0 \u00a0 Galerie Act\u00e9e, Charenton (94)<\/p>\n<p style=\"text-align: justify;\"><em> <span style=\"text-decoration: underline;\"><br \/>\n<\/span><\/em><\/p>\n<h3><span style=\"color: #000000;\"><strong>Expositions collectives et salons (extraits)<br \/>\n<\/strong><\/span><\/h3>\n<p><span style=\"color: #000000;\"><strong>&#8230;&#8230;&#8230;&#8230;&#8230;&#8230;&#8230;&#8230;&#8230;&#8230;&#8230;&#8230;&#8230;&#8230;&#8230;&#8230;&#8230;&#8230;&#8230;&#8230;&#8230;&#8230;&#8230;&#8230;&#8230;&#8230;&#8230;&#8230;&#8230;&#8230;&#8230;&#8230;&#8230;&#8230;&#8230;&#8230;&#8230;&#8230;&#8230;&#8230;&#8230;&#8230;&#8230;&#8230;&#8230;&#8230;&#8230;&#8230;&#8230;.<br \/>\n<\/strong><\/span><\/p>\n<p>2026 \u00e0 2015\u00a0 \u00a0 \u00a0 \u00a0 Salon de Charenton (Charenton, 94)<\/p>\n<p>2026 \u00e0 2000\u00a0 \u00a0 \u00a0 Th\u00e9\u00e2tre du Garde-Chasse, manifestation Lil\u2019Art (Les Lilas, 93)<\/p>\n<p>2016 \u00a0 \u00a0 \u00a0 \u00a0 \u00a0 \u00a0 \u00a0 \u00a0 \u00a0 \u00a0 Ch\u00e2teau des Tourelles (Plessis-Tr\u00e9vise, 94)<\/p>\n<p>2016\u00a0\u00a0\u00a0\u00a0\u00a0\u00a0\u00a0\u00a0\u00a0\u00a0\u00a0\u00a0\u00a0\u00a0\u00a0\u00a0\u00a0\u00a0\u00a0\u00a0 <!--StartFragment-->Salon de Charenton<!--EndFragment--><\/p>\n<p>2015 \u00a0\u00a0\u00a0\u00a0\u00a0\u00a0\u00a0\u00a0\u00a0\u00a0\u00a0\u00a0\u00a0\u00a0\u00a0\u00a0\u00a0\u00a0\u00a0 Espace Art &amp; Libert\u00e9 (Charenton, 94)<!--EndFragment--><\/p>\n<p>2013\u00a0\u00a0\u00a0 \u00a0 \u00a0 \u00a0 \u00a0 \u00a0 \u00a0 \u00a0 \u00a0\u00a0 Maison Vaillant, 4\u00e8me \u00e9dition du Mus\u00e9e \u00e9ph\u00e9m\u00e8re d&rsquo;art contemporain (Verri\u00e8res le Buisson, 91)<\/p>\n<p>2003-2004\u00a0\u00a0\u00a0\u00a0\u00a0\u00a0\u00a0 Salon des artistes de la mairie de Paris (Paris, 75)<\/p>\n<p>2002\u00a0\u00a0\u00a0\u00a0\u00a0\u00a0\u00a0\u00a0\u00a0\u00a0\u00a0\u00a0\u00a0\u00a0\u00a0\u00a0\u00a0\u00a0\u00a0\u00a0 Biennale d\u2019Arts Plastiques (Villeneuve-le-Garenne, 92)<\/p>\n<p>1997 \u2013 1998\u00a0 \u00a0 \u00a0 \u00a0 \u00a0Salon des Surind\u00e9pendants (Paris,75)<\/p>\n<p>1995 \u00e0 2005\u00a0 \u00a0 \u00a0 \u00a0 \u00a0Salon de Saint-Ouen (93)<\/p>\n<p>&nbsp;<\/p>\n<p>&nbsp;<\/p>\n<h3><span style=\"color: #000000;\"><strong>Collections publiques<\/strong><\/span><\/h3>\n<p><span style=\"color: #000000;\"><strong>&#8230;&#8230;&#8230;&#8230;&#8230;&#8230;&#8230;&#8230;&#8230;&#8230;&#8230;&#8230;&#8230;&#8230;&#8230;&#8230;&#8230;&#8230;&#8230;&#8230;&#8230;&#8230;&#8230;&#8230;&#8230;&#8230;&#8230;&#8230;&#8230;&#8230;&#8230;&#8230;&#8230;&#8230;&#8230;&#8230;&#8230;&#8230;&#8230;&#8230;&#8230;&#8230;&#8230;&#8230;&#8230;&#8230;&#8230;&#8230;&#8230;<br \/>\n<\/strong><\/span><\/p>\n<p>1997 Mairie de la ville d\u2019Etr\u00e9chy (91)<br \/>\n2001 Fonds d\u2019art de la ville des Lilas (93)<br \/>\n2002 Mairie de Neuilly\/Marne (93)<br \/>\nFonds d\u2019Art de la ville de Neuilly\/Marne<\/p>\n<p>&nbsp;<\/p>\n<p>&nbsp;<\/p>\n<h3><span style=\"color: #000000;\"><strong>Editions <\/strong><\/span><\/h3>\n<p><span style=\"color: #000000;\"><strong>&#8230;&#8230;&#8230;&#8230;&#8230;&#8230;&#8230;&#8230;&#8230;&#8230;&#8230;&#8230;&#8230;&#8230;&#8230;&#8230;&#8230;&#8230;&#8230;&#8230;&#8230;&#8230;&#8230;&#8230;&#8230;&#8230;&#8230;&#8230;&#8230;&#8230;&#8230;&#8230;&#8230;&#8230;&#8230;&#8230;&#8230;&#8230;&#8230;&#8230;&#8230;&#8230;&#8230;&#8230;&#8230;&#8230;&#8230;&#8230;&#8230;.<br \/>\n<\/strong><\/span><\/p>\n<h3><span style=\"color: #000000;\"><strong>* Po\u00e9sies<br \/>\n<\/strong><\/span><\/h3>\n<p>2000 <span style=\"text-decoration: underline;\">Mouvements d\u2019ombre<\/span> (extraits de recueil),<\/p>\n<p>Sept voix de femmes, in Voix d&rsquo;Encre n\u00b023, <strong>\u00e9d. Voix d\u2019Encre<\/strong><\/p>\n<p><strong>\u00a0<\/strong><\/p>\n<h3><span style=\"color: #000000;\"><strong><strong>**<\/strong><\/strong><\/span><strong> Illustrations \/ recueil de po\u00e9sies : dessins &amp; peintures<\/strong><\/h3>\n<p>2010 Franck Castagn\u00e9, <span style=\"text-decoration: underline;\">Corps du sujet<\/span>, \u00e9d. Voix d&rsquo;Encre<\/p>\n","protected":false},"excerpt":{"rendered":"<p>\u00a0 \u00a0\u00a0\u00a0\u00a0\u00a0\u00a0\u00a0\u00a0\u00a0\u00a0\u00a0\u00a0\u00a0\u00a0\u00a0\u00a0\u00a0\u00a0\u00a0\u00a0\u00a0\u00a0\u00a0\u00a0\u00a0\u00a0\u00a0\u00a0\u00a0\u00a0\u00a0\u00a0\u00a0\u00a0\u00a0\u00a0\u00a0\u00a0\u00a0\u00a0\u00a0\u00a0\u00a0\u00a0\u00a0\u00a0\u00a0\u00a0\u00a0\u00a0\u00a0\u00a0\u00a0\u00a0\u00a0\u00a0\u00a0\u00a0\u00a0\u00a0\u00a0\u00a0\u00a0\u00a0\u00a0\u00a0\u00a0\u00a0\u00a0\u00a0\u00a0\u00a0\u00a0\u00a0\u00a0 N\u00e9e en 1969, France Enseigne \u00e0 Paris Etudes de linguistique, d&rsquo;arts plastiques &nbsp; Expositions personnelles (extraits) &#8230;&#8230;&#8230;&#8230;&#8230;&#8230;&#8230;&#8230;&#8230;&#8230;&#8230;&#8230;&#8230;&#8230;&#8230;&#8230;&#8230;&#8230;&#8230;&#8230;&#8230;&#8230;&#8230;&#8230;&#8230;&#8230;&#8230;&#8230;&#8230;&#8230;&#8230;&#8230;&#8230;&#8230;&#8230;&#8230;&#8230;&#8230;&#8230;&#8230;&#8230;&#8230;&#8230;&#8230;&#8230;&#8230;&#8230;&#8230;.. 2017-16 \u00a0\u00a0\u00a0\u00a0\u00a0 Chapelle Sainte-Anne, Do\u00eblan, (29, Finist\u00e8re) 2015\u00a0\u00a0\u00a0\u00a0 \u00a0 \u00a0 \u00a0\u00a0 Galerie Amplitude, Troyes (10) 2014\u00a0\u00a0\u00a0\u00a0\u00a0\u00a0 Chapelle Sainte-Anne, Do\u00eblan, (29, Finist\u00e8re) 2013\u00a0\u00a0\u00a0\u00a0\u00a0\u00a0 Mairie d&rsquo;Orsay, Orsay (91) 2011\u00a0\u00a0\u00a0\u00a0\u00a0\u00a0\u00a0Chapelle Sainte-Anne, Do\u00eblan (29, Finist\u00e8re) 2010 \u00a0 \u00a0\u00a0 Chapelle Sainte-Anne, [&hellip;]<\/p>\n","protected":false},"author":1,"featured_media":0,"parent":0,"menu_order":2,"comment_status":"closed","ping_status":"closed","template":"","meta":{"footnotes":""},"class_list":["post-4","page","type-page","status-publish","hentry"],"_links":{"self":[{"href":"http:\/\/isabelmichaut.fr\/index.php?rest_route=\/wp\/v2\/pages\/4"}],"collection":[{"href":"http:\/\/isabelmichaut.fr\/index.php?rest_route=\/wp\/v2\/pages"}],"about":[{"href":"http:\/\/isabelmichaut.fr\/index.php?rest_route=\/wp\/v2\/types\/page"}],"author":[{"embeddable":true,"href":"http:\/\/isabelmichaut.fr\/index.php?rest_route=\/wp\/v2\/users\/1"}],"replies":[{"embeddable":true,"href":"http:\/\/isabelmichaut.fr\/index.php?rest_route=%2Fwp%2Fv2%2Fcomments&post=4"}],"version-history":[{"count":2,"href":"http:\/\/isabelmichaut.fr\/index.php?rest_route=\/wp\/v2\/pages\/4\/revisions"}],"predecessor-version":[{"id":2429,"href":"http:\/\/isabelmichaut.fr\/index.php?rest_route=\/wp\/v2\/pages\/4\/revisions\/2429"}],"wp:attachment":[{"href":"http:\/\/isabelmichaut.fr\/index.php?rest_route=%2Fwp%2Fv2%2Fmedia&parent=4"}],"curies":[{"name":"wp","href":"https:\/\/api.w.org\/{rel}","templated":true}]}}